{"id":847,"date":"2025-01-14T11:42:46","date_gmt":"2025-01-14T10:42:46","guid":{"rendered":"http:\/\/www.hno-oberbilk.de\/%d1%81%d0%b2%d1%8f%d0%b6%d0%b8%d1%82%d0%b5%d1%81%d1%8c-%d1%81-%d0%bd%d0%b0%d0%bc%d0%b8\/"},"modified":"2025-01-21T15:30:00","modified_gmt":"2025-01-21T14:30:00","slug":"%d1%81%d0%b2%d1%8f%d0%b6%d0%b8%d1%82%d0%b5%d1%81%d1%8c-%d1%81-%d0%bd%d0%b0%d0%bc%d0%b8","status":"publish","type":"page","link":"https:\/\/www.hno-oberbilk.de\/ru\/%d1%81%d0%b2%d1%8f%d0%b6%d0%b8%d1%82%d0%b5%d1%81%d1%8c-%d1%81-%d0%bd%d0%b0%d0%bc%d0%b8\/","title":{"rendered":"\u0421\u0432\u044f\u0436\u0438\u0442\u0435\u0441\u044c"},"content":{"rendered":"\t\t<div data-elementor-type=\"wp-page\" data-elementor-id=\"847\" class=\"elementor elementor-847 elementor-136\" data-elementor-post-type=\"page\">\n\t\t\t\t<div class=\"elementor-element elementor-element-65273c08 e-flex e-con-boxed e-con e-parent\" data-id=\"65273c08\" data-element_type=\"container\" data-settings=\"{&quot;background_background&quot;:&quot;classic&quot;}\">\n\t\t\t\t\t<div class=\"e-con-inner\">\n\t\t<div class=\"elementor-element elementor-element-2b4fcd05 e-flex e-con-boxed e-con e-child\" data-id=\"2b4fcd05\" data-element_type=\"container\">\n\t\t\t\t\t<div class=\"e-con-inner\">\n\t\t<div class=\"elementor-element elementor-element-1665ffe0 e-flex e-con-boxed e-con e-child\" data-id=\"1665ffe0\" data-element_type=\"container\">\n\t\t\t\t\t<div class=\"e-con-inner\">\n\t\t\t\t<div class=\"elementor-element elementor-element-6afd3ffb elementor-widget elementor-widget-heading\" data-id=\"6afd3ffb\" data-element_type=\"widget\" data-widget_type=\"heading.default\">\n\t\t\t\t<div class=\"elementor-widget-container\">\n\t\t\t\t\t<h1 class=\"elementor-heading-title elementor-size-default\">\u041a\u043e\u043d\u0442\u0430\u043a\u0442<\/h1>\t\t\t\t<\/div>\n\t\t\t\t<\/div>\n\t\t\t\t<div class=\"elementor-element elementor-element-1761d42d elementor-widget-divider--view-line elementor-widget elementor-widget-divider\" data-id=\"1761d42d\" data-element_type=\"widget\" data-widget_type=\"divider.default\">\n\t\t\t\t<div class=\"elementor-widget-container\">\n\t\t\t\t\t\t\t<div class=\"elementor-divider\">\n\t\t\t<span class=\"elementor-divider-separator\">\n\t\t\t\t\t\t<\/span>\n\t\t<\/div>\n\t\t\t\t\t\t<\/div>\n\t\t\t\t<\/div>\n\t\t\t\t<div class=\"elementor-element elementor-element-1193ca68 elementor-widget elementor-widget-heading\" data-id=\"1193ca68\" data-element_type=\"widget\" data-widget_type=\"heading.default\">\n\t\t\t\t<div class=\"elementor-widget-container\">\n\t\t\t\t\t<h5 class=\"elementor-heading-title elementor-size-default\">\u0417\u0434\u0435\u0441\u044c \u0432\u044b \u043d\u0430\u0441 \u043d\u0430\u0439\u0434\u0435\u0442\u0435<\/h5>\t\t\t\t<\/div>\n\t\t\t\t<\/div>\n\t\t\t\t\t<\/div>\n\t\t\t\t<\/div>\n\t\t\t\t\t<\/div>\n\t\t\t\t<\/div>\n\t\t\t\t\t<\/div>\n\t\t\t\t<\/div>\n\t\t<div class=\"elementor-element elementor-element-d7a1bb1 e-flex e-con-boxed e-con e-parent\" data-id=\"d7a1bb1\" data-element_type=\"container\">\n\t\t\t\t\t<div class=\"e-con-inner\">\n\t\t<div class=\"elementor-element elementor-element-f47bc7f e-con-full e-flex e-con e-child\" data-id=\"f47bc7f\" data-element_type=\"container\">\n\t\t\t\t<div class=\"elementor-element elementor-element-a715e74 elementor-widget elementor-widget-heading\" data-id=\"a715e74\" data-element_type=\"widget\" data-widget_type=\"heading.default\">\n\t\t\t\t<div class=\"elementor-widget-container\">\n\t\t\t\t\t<h2 class=\"elementor-heading-title elementor-size-default\">\u0427\u0430\u0441\u044b \u0440\u0430\u0431\u043e\u0442\u044b:<\/h2>\t\t\t\t<\/div>\n\t\t\t\t<\/div>\n\t\t\t\t<div class=\"elementor-element elementor-element-782adfe elementor-widget elementor-widget-text-editor\" data-id=\"782adfe\" data-element_type=\"widget\" data-widget_type=\"text-editor.default\">\n\t\t\t\t<div class=\"elementor-widget-container\">\n\t\t\t\t\t\t\t\t\t<p><strong>\u0427\u0430\u0441\u044b \u0440\u0430\u0431\u043e\u0442\u044b:<br \/><\/strong>\u0421 \u043f\u043e\u043d\u0435\u0434\u0435\u043b\u044c\u043d\u0438\u043a\u0430 \u043f\u043e \u043f\u044f\u0442\u043d\u0438\u0446\u0443 \u0441 8:00 \u0434\u043e 12:00<br \/>\u043f\u043e\u043d\u0435\u0434\u0435\u043b\u044c\u043d\u0438\u043a \u0438 \u0447\u0435\u0442\u0432\u0435\u0440\u0433 \u0441 14:00 \u0434\u043e 17:00<\/p><p><strong>\u0427\u0430\u0441\u044b \u0441\u0440\u043e\u0447\u043d\u044b\u0439 \u043a\u043e\u043d\u0441\u0443\u043b\u044c\u0442\u0430\u0446\u0438\u0438:<br \/><\/strong>\u0421 \u043f\u043e\u043d\u0435\u0434\u0435\u043b\u044c\u043d\u0438\u043a\u0430 \u043f\u043e \u043f\u044f\u0442\u043d\u0438\u0446\u0443 \u0441 8:00 \u0434\u043e 10:00<br \/>\u043f\u043e\u043d\u0435\u0434\u0435\u043b\u044c\u043d\u0438\u043a \u0438 \u0447\u0435\u0442\u0432\u0435\u0440\u0433 \u0441 14:00 \u0434\u043e 15:00<\/p><p><strong>\u0410\u0434\u0440\u0435\u0441:<\/strong><br \/>K\u00f6lner Stra\u00dfe 231<br \/>40227 <br \/>D\u00fcsseldorf<\/p><p><strong>\u0427\u0430\u0441\u044b \u0441\u0440\u043e\u0447\u043d\u044b\u0439 \u043a\u043e\u043d\u0441\u0443\u043b\u044c\u0442\u0430\u0446\u0438\u0438:<\/strong><br \/>\u041e\u0441\u0442\u0440\u044b\u0435 \u0437\u0430\u0431\u043e\u043b\u0435\u0432\u0430\u043d\u0438\u044f \u0447\u0430\u0441\u0442\u043e \u0442\u0440\u0443\u0434\u043d\u043e \u043f\u0440\u0435\u0434\u0432\u0438\u0434\u0435\u0442\u044c. \u041f\u043e\u044d\u0442\u043e\u043c\u0443 \u043c\u044b \u0431\u0443\u0434\u0435\u043c \u0440\u0430\u0434\u044b \u043e\u043a\u0430\u0437\u0430\u0442\u044c \u0432\u0430\u043c \u044d\u043a\u0441\u0442\u0440\u0435\u043d\u043d\u0443\u044e \u043f\u043e\u043c\u043e\u0449\u044c \u0432 \u043d\u0430\u0448\u0435\u0439 \u043d\u0435\u043e\u0442\u043b\u043e\u0436\u043d\u043e\u0439 \u043a\u043e\u043d\u0441\u0443\u043b\u044c\u0442\u0430\u0446\u0438\u0438, \u043a\u0443\u0434\u0430 \u0432\u044b \u043c\u043e\u0436\u0435\u0442\u0435 \u043f\u0440\u0438\u0439\u0442\u0438 \u0431\u0435\u0437 \u043f\u0440\u0435\u0434\u0432\u0430\u0440\u0438\u0442\u0435\u043b\u044c\u043d\u043e\u0439 \u0437\u0430\u043f\u0438\u0441\u0438.<br \/>\u041c\u044b \u043f\u0440\u043e\u0441\u0438\u043c \u0432\u0430\u0441 \u0443\u0447\u0435\u0441\u0442\u044c, \u0447\u0442\u043e \u043f\u0440\u0438 \u0431\u043e\u043b\u044c\u0448\u043e\u043c \u043a\u043e\u043b\u0438\u0447\u0435\u0441\u0442\u0432\u0435 \u043f\u0430\u0446\u0438\u0435\u043d\u0442\u043e\u0432 \u0432\u0440\u0435\u043c\u044f \u043e\u0436\u0438\u0434\u0430\u043d\u0438\u044f \u043c\u043e\u0436\u0435\u0442 \u0443\u0432\u0435\u043b\u0438\u0447\u0438\u0442\u044c\u0441\u044f.<\/p>\t\t\t\t\t\t\t\t<\/div>\n\t\t\t\t<\/div>\n\t\t\t\t<\/div>\n\t\t<div class=\"elementor-element elementor-element-0b0ef9e e-con-full e-flex e-con e-child\" data-id=\"0b0ef9e\" data-element_type=\"container\">\n\t\t<div class=\"elementor-element elementor-element-a501358 e-con-full e-flex e-con e-child\" data-id=\"a501358\" data-element_type=\"container\">\n\t\t<div class=\"elementor-element elementor-element-abdb022 e-con-full e-flex e-con e-child\" data-id=\"abdb022\" data-element_type=\"container\" data-settings=\"{&quot;background_background&quot;:&quot;classic&quot;}\">\n\t\t\t\t<\/div>\n\t\t\t\t<\/div>\n\t\t\t\t<\/div>\n\t\t\t\t\t<\/div>\n\t\t\t\t<\/div>\n\t\t<div class=\"elementor-element elementor-element-7f2775e e-grid e-con-boxed e-con e-child\" data-id=\"7f2775e\" data-element_type=\"container\" data-settings=\"{&quot;background_background&quot;:&quot;classic&quot;}\">\n\t\t\t\t\t<div class=\"e-con-inner\">\n\t\t<div class=\"elementor-element elementor-element-ead8415 e-con-full e-flex e-con e-child\" data-id=\"ead8415\" data-element_type=\"container\">\n\t\t<div class=\"elementor-element elementor-element-b875692 e-con-full e-flex e-con e-child\" data-id=\"b875692\" data-element_type=\"container\">\n\t\t<div class=\"elementor-element elementor-element-3d3f8d3 e-con-full e-flex e-con e-child\" data-id=\"3d3f8d3\" data-element_type=\"container\" data-settings=\"{&quot;background_background&quot;:&quot;classic&quot;}\">\n\t\t\t\t<\/div>\n\t\t\t\t<\/div>\n\t\t\t\t<\/div>\n\t\t<div class=\"elementor-element elementor-element-eb8199a e-con-full e-flex e-con e-child\" data-id=\"eb8199a\" data-element_type=\"container\">\n\t\t\t\t<div class=\"elementor-element elementor-element-66cdcff elementor-widget elementor-widget-heading\" data-id=\"66cdcff\" data-element_type=\"widget\" data-widget_type=\"heading.default\">\n\t\t\t\t<div class=\"elementor-widget-container\">\n\t\t\t\t\t<h2 class=\"elementor-heading-title elementor-size-default\">\u0437\u0430\u043f\u0438\u0441\u0430\u0442\u044c\u0441\u044f \u043d\u0430 \u043f\u0440\u0438\u0435\u043c:<\/h2>\t\t\t\t<\/div>\n\t\t\t\t<\/div>\n\t\t\t\t<div class=\"elementor-element elementor-element-d9527d3 elementor-widget elementor-widget-text-editor\" data-id=\"d9527d3\" data-element_type=\"widget\" data-widget_type=\"text-editor.default\">\n\t\t\t\t<div class=\"elementor-widget-container\">\n\t\t\t\t\t\t\t\t\t<p>\u041c\u044b \u043f\u0440\u0438\u0433\u043b\u0430\u0448\u0430\u0435\u043c \u0432\u0430\u0441 \u0437\u0430\u043f\u0438\u0441\u0430\u0442\u044c\u0441\u044f \u043d\u0430 \u043f\u0440\u0438\u0435\u043c, \u0447\u0442\u043e\u0431\u044b \u043e\u0431\u0441\u0443\u0434\u0438\u0442\u044c \u0441 \u043d\u0430\u043c\u0438 \u0432\u0430\u0448\u0438 \u043f\u0440\u043e\u0431\u043b\u0435\u043c\u044b \u0441\u043e \u0437\u0434\u043e\u0440\u043e\u0432\u044c\u0435\u043c.<\/p><p>\u041f\u043e\u0436\u0430\u043b\u0443\u0439\u0441\u0442\u0430, \u0441\u0432\u044f\u0436\u0438\u0442\u0435\u0441\u044c \u0441 \u043d\u0430\u043c\u0438 \u043f\u043e \u0442\u0435\u043b\u0435\u0444\u043e\u043d\u0443 0211 783356.<\/p><p>\u0421\u043f\u0430\u0441\u0438\u0431\u043e \u0437\u0430 \u0432\u0430\u0448\u0435 \u0434\u043e\u0432\u0435\u0440\u0438\u0435! \u041c\u044b \u0436\u0434\u0435\u043c \u0432\u0441\u0442\u0440\u0435\u0447\u0438 \u0441 \u0432\u0430\u043c\u0438 \u0432 \u043d\u0430\u0448\u0435\u0439 \u041b\u041e\u0420-\u043f\u0440\u0430\u043a\u0442\u0438\u043a\u0435 \u0432 \u0446\u0435\u043d\u0442\u0440\u0435 \u041e\u0431\u0435\u0440\u0431\u0438\u043b\u044c\u043a\u0430.<\/p>\t\t\t\t\t\t\t\t<\/div>\n\t\t\t\t<\/div>\n\t\t\t\t<div class=\"elementor-element elementor-element-2fcfe3e elementor-view-stacked elementor-position-left elementor-vertical-align-middle elementor-shape-circle elementor-mobile-position-top elementor-widget elementor-widget-icon-box\" data-id=\"2fcfe3e\" data-element_type=\"widget\" data-widget_type=\"icon-box.default\">\n\t\t\t\t<div class=\"elementor-widget-container\">\n\t\t\t\t\t\t\t<div class=\"elementor-icon-box-wrapper\">\n\n\t\t\t\t\t\t<div class=\"elementor-icon-box-icon\">\n\t\t\t\t<span  class=\"elementor-icon\">\n\t\t\t\t<i aria-hidden=\"true\" class=\"icon icon-phone-call\"><\/i>\t\t\t\t<\/span>\n\t\t\t<\/div>\n\t\t\t\n\t\t\t\t\t\t<div class=\"elementor-icon-box-content\">\n\n\t\t\t\t\t\t\t\t\t<div class=\"elementor-icon-box-title\">\n\t\t\t\t\t\t<span  >\n\t\t\t\t\t\t\t\u041f\u043e\u0437\u0432\u043e\u043d\u0438\u0442\u0435 \u0441\u0435\u0439\u0447\u0430\u0441\t\t\t\t\t\t<\/span>\n\t\t\t\t\t<\/div>\n\t\t\t\t\n\t\t\t\t\t\t\t\t\t<p class=\"elementor-icon-box-description\">\n\t\t\t\t\t\t+49 211 783356\t\t\t\t\t<\/p>\n\t\t\t\t\n\t\t\t<\/div>\n\t\t\t\n\t\t<\/div>\n\t\t\t\t\t\t<\/div>\n\t\t\t\t<\/div>\n\t\t\t\t<\/div>\n\t\t\t\t\t<\/div>\n\t\t\t\t<\/div>\n\t\t\t\t<\/div>\n\t\t","protected":false},"excerpt":{"rendered":"<p>\u041a\u043e\u043d\u0442\u0430\u043a\u0442 \u0417\u0434\u0435\u0441\u044c \u0432\u044b \u043d\u0430\u0441 \u043d\u0430\u0439\u0434\u0435\u0442\u0435 \u0427\u0430\u0441\u044b \u0440\u0430\u0431\u043e\u0442\u044b: \u0427\u0430\u0441\u044b \u0440\u0430\u0431\u043e\u0442\u044b:\u0421 \u043f\u043e\u043d\u0435\u0434\u0435\u043b\u044c\u043d\u0438\u043a\u0430 \u043f\u043e \u043f\u044f\u0442\u043d\u0438\u0446\u0443 \u0441 8:00 \u0434\u043e 12:00\u043f\u043e\u043d\u0435\u0434\u0435\u043b\u044c\u043d\u0438\u043a \u0438 \u0447\u0435\u0442\u0432\u0435\u0440\u0433 \u0441 14:00 \u0434\u043e 17:00 \u0427\u0430\u0441\u044b \u0441\u0440\u043e\u0447\u043d\u044b\u0439 \u043a\u043e\u043d\u0441\u0443\u043b\u044c\u0442\u0430\u0446\u0438\u0438:\u0421 \u043f\u043e\u043d\u0435\u0434\u0435\u043b\u044c\u043d\u0438\u043a\u0430 \u043f\u043e \u043f\u044f\u0442\u043d\u0438\u0446\u0443 \u0441 8:00 \u0434\u043e 10:00\u043f\u043e\u043d\u0435\u0434\u0435\u043b\u044c\u043d\u0438\u043a \u0438 \u0447\u0435\u0442\u0432\u0435\u0440\u0433 \u0441 14:00 \u0434\u043e 15:00 \u0410\u0434\u0440\u0435\u0441:K\u00f6lner Stra\u00dfe 23140227 D\u00fcsseldorf \u0427\u0430\u0441\u044b \u0441\u0440\u043e\u0447\u043d\u044b\u0439 \u043a\u043e\u043d\u0441\u0443\u043b\u044c\u0442\u0430\u0446\u0438\u0438:\u041e\u0441\u0442\u0440\u044b\u0435 \u0437\u0430\u0431\u043e\u043b\u0435\u0432\u0430\u043d\u0438\u044f \u0447\u0430\u0441\u0442\u043e \u0442\u0440\u0443\u0434\u043d\u043e \u043f\u0440\u0435\u0434\u0432\u0438\u0434\u0435\u0442\u044c. \u041f\u043e\u044d\u0442\u043e\u043c\u0443 \u043c\u044b \u0431\u0443\u0434\u0435\u043c \u0440\u0430\u0434\u044b \u043e\u043a\u0430\u0437\u0430\u0442\u044c \u0432\u0430\u043c [&hellip;]<\/p>\n","protected":false},"author":1,"featured_media":0,"parent":0,"menu_order":0,"comment_status":"closed","ping_status":"closed","template":"","meta":{"footnotes":""},"class_list":["post-847","page","type-page","status-publish","hentry"],"_links":{"self":[{"href":"https:\/\/www.hno-oberbilk.de\/ru\/wp-json\/wp\/v2\/pages\/847","targetHints":{"allow":["GET"]}}],"collection":[{"href":"https:\/\/www.hno-oberbilk.de\/ru\/wp-json\/wp\/v2\/pages"}],"about":[{"href":"https:\/\/www.hno-oberbilk.de\/ru\/wp-json\/wp\/v2\/types\/page"}],"author":[{"embeddable":true,"href":"https:\/\/www.hno-oberbilk.de\/ru\/wp-json\/wp\/v2\/users\/1"}],"replies":[{"embeddable":true,"href":"https:\/\/www.hno-oberbilk.de\/ru\/wp-json\/wp\/v2\/comments?post=847"}],"version-history":[{"count":41,"href":"https:\/\/www.hno-oberbilk.de\/ru\/wp-json\/wp\/v2\/pages\/847\/revisions"}],"predecessor-version":[{"id":1534,"href":"https:\/\/www.hno-oberbilk.de\/ru\/wp-json\/wp\/v2\/pages\/847\/revisions\/1534"}],"wp:attachment":[{"href":"https:\/\/www.hno-oberbilk.de\/ru\/wp-json\/wp\/v2\/media?parent=847"}],"curies":[{"name":"wp","href":"https:\/\/api.w.org\/{rel}","templated":true}]}}