{"id":1118,"date":"2025-01-14T11:44:49","date_gmt":"2025-01-14T10:44:49","guid":{"rendered":"http:\/\/www.hno-oberbilk.de\/lage\/"},"modified":"2025-01-21T15:26:31","modified_gmt":"2025-01-21T14:26:31","slug":"lage","status":"publish","type":"page","link":"https:\/\/www.hno-oberbilk.de\/ru\/lage\/","title":{"rendered":"\u041c\u0435\u0441\u0442\u043e\u043f\u043e\u043b\u043e\u0436\u0435\u043d\u0438\u0435"},"content":{"rendered":"\t\t<div data-elementor-type=\"wp-page\" data-elementor-id=\"1118\" class=\"elementor elementor-1118 elementor-157\" data-elementor-post-type=\"page\">\n\t\t\t\t<div class=\"elementor-element elementor-element-72da5438 e-flex e-con-boxed e-con e-parent\" data-id=\"72da5438\" data-element_type=\"container\" data-settings=\"{&quot;background_background&quot;:&quot;classic&quot;}\">\n\t\t\t\t\t<div class=\"e-con-inner\">\n\t\t<div class=\"elementor-element elementor-element-a4dcd35 e-con-full e-flex e-con e-child\" data-id=\"a4dcd35\" data-element_type=\"container\">\n\t\t<div class=\"elementor-element elementor-element-d2bb90e e-flex e-con-boxed e-con e-child\" data-id=\"d2bb90e\" data-element_type=\"container\">\n\t\t\t\t\t<div class=\"e-con-inner\">\n\t\t\t\t<div class=\"elementor-element elementor-element-a5971d2 elementor-widget elementor-widget-heading\" data-id=\"a5971d2\" data-element_type=\"widget\" data-widget_type=\"heading.default\">\n\t\t\t\t<div class=\"elementor-widget-container\">\n\t\t\t\t\t<h1 class=\"elementor-heading-title elementor-size-default\">\u041c\u0435\u0441\u0442\u043e\u043f\u043e\u043b\u043e\u0436\u0435\u043d\u0438\u0435 \/ \u0434\u043e\u0441\u0442\u0443\u043f\u043d\u043e\u0441\u0442\u044c<\/h1>\t\t\t\t<\/div>\n\t\t\t\t<\/div>\n\t\t\t\t<div class=\"elementor-element elementor-element-62e8b27 elementor-widget-divider--view-line elementor-widget elementor-widget-divider\" data-id=\"62e8b27\" data-element_type=\"widget\" data-widget_type=\"divider.default\">\n\t\t\t\t<div class=\"elementor-widget-container\">\n\t\t\t\t\t\t\t<div class=\"elementor-divider\">\n\t\t\t<span class=\"elementor-divider-separator\">\n\t\t\t\t\t\t<\/span>\n\t\t<\/div>\n\t\t\t\t\t\t<\/div>\n\t\t\t\t<\/div>\n\t\t\t\t<div class=\"elementor-element elementor-element-94ced0a elementor-widget elementor-widget-heading\" data-id=\"94ced0a\" data-element_type=\"widget\" data-widget_type=\"heading.default\">\n\t\t\t\t<div class=\"elementor-widget-container\">\n\t\t\t\t\t<h5 class=\"elementor-heading-title elementor-size-default\">\u0414\u043b\u044f \u0432\u0430\u0441 \u0432 \u0414\u044e\u0441\u0441\u0435\u043b\u044c\u0434\u043e\u0440\u0444\u0435<\/h5>\t\t\t\t<\/div>\n\t\t\t\t<\/div>\n\t\t\t\t\t<\/div>\n\t\t\t\t<\/div>\n\t\t\t\t<\/div>\n\t\t\t\t\t<\/div>\n\t\t\t\t<\/div>\n\t\t<div class=\"elementor-element elementor-element-bd2bede e-flex e-con-boxed e-con e-parent\" data-id=\"bd2bede\" data-element_type=\"container\" data-settings=\"{&quot;background_background&quot;:&quot;classic&quot;}\">\n\t\t\t\t\t<div class=\"e-con-inner\">\n\t\t<div class=\"elementor-element elementor-element-176aff6 e-con-full e-flex e-con e-child\" data-id=\"176aff6\" data-element_type=\"container\">\n\t\t\t\t<div class=\"elementor-element elementor-element-70465a21 elementor-widget elementor-widget-image\" data-id=\"70465a21\" data-element_type=\"widget\" data-widget_type=\"image.default\">\n\t\t\t\t<div class=\"elementor-widget-container\">\n\t\t\t\t\t\t\t\t\t\t\t\t\t\t\t<img fetchpriority=\"high\" decoding=\"async\" width=\"2560\" height=\"1400\" src=\"https:\/\/www.hno-oberbilk.de\/wp-content\/uploads\/2025\/01\/Header_Bild_04.jpg\" class=\"attachment-full size-full wp-image-808\" alt=\"\" srcset=\"https:\/\/www.hno-oberbilk.de\/wp-content\/uploads\/2025\/01\/Header_Bild_04.jpg 2560w, https:\/\/www.hno-oberbilk.de\/wp-content\/uploads\/2025\/01\/Header_Bild_04-300x164.jpg 300w, https:\/\/www.hno-oberbilk.de\/wp-content\/uploads\/2025\/01\/Header_Bild_04-1024x560.jpg 1024w, https:\/\/www.hno-oberbilk.de\/wp-content\/uploads\/2025\/01\/Header_Bild_04-768x420.jpg 768w, https:\/\/www.hno-oberbilk.de\/wp-content\/uploads\/2025\/01\/Header_Bild_04-1536x840.jpg 1536w, https:\/\/www.hno-oberbilk.de\/wp-content\/uploads\/2025\/01\/Header_Bild_04-2048x1120.jpg 2048w\" sizes=\"(max-width: 2560px) 100vw, 2560px\" \/>\t\t\t\t\t\t\t\t\t\t\t\t\t\t\t<\/div>\n\t\t\t\t<\/div>\n\t\t<div class=\"elementor-element elementor-element-bd8bc13 e-grid e-con-full e-con e-child\" data-id=\"bd8bc13\" data-element_type=\"container\">\n\t\t\t\t<div class=\"elementor-element elementor-element-bec754b elementor-position-left elementor-vertical-align-top elementor-widget elementor-widget-image-box\" data-id=\"bec754b\" data-element_type=\"widget\" data-widget_type=\"image-box.default\">\n\t\t\t\t<div class=\"elementor-widget-container\">\n\t\t\t\t\t<div class=\"elementor-image-box-wrapper\"><figure class=\"elementor-image-box-img\"><img decoding=\"async\" width=\"400\" height=\"544\" src=\"https:\/\/www.hno-oberbilk.de\/wp-content\/uploads\/2025\/01\/OePNV.png\" class=\"attachment-full size-full wp-image-839\" alt=\"\" srcset=\"https:\/\/www.hno-oberbilk.de\/wp-content\/uploads\/2025\/01\/OePNV.png 400w, https:\/\/www.hno-oberbilk.de\/wp-content\/uploads\/2025\/01\/OePNV-221x300.png 221w\" sizes=\"(max-width: 400px) 100vw, 400px\" \/><\/figure><div class=\"elementor-image-box-content\"><h3 class=\"elementor-image-box-title\">\u041f\u0440\u0438\u0431\u044b\u0442\u0438\u0435 \u043d\u0430 \u043e\u0431\u0449\u0435\u0441\u0442\u0432\u0435\u043d\u043d\u043e\u043c \u0442\u0440\u0430\u043d\u0441\u043f\u043e\u0440\u0442\u0435<\/h3><p class=\"elementor-image-box-description\">\u041e\u0441\u0442\u0430\u043d\u043e\u0432\u043a\u0430: Oberbilker Markt<br>\n\u041c\u0435\u0442\u0440\u043e: U76, U79<br>\n\u0422\u0440\u0430\u043c\u0432\u0430\u0439: 706<br>\n\u0410\u0432\u0442\u043e\u0431\u0443\u0441: 732, 736<br><\/p><\/div><\/div>\t\t\t\t<\/div>\n\t\t\t\t<\/div>\n\t\t\t\t<div class=\"elementor-element elementor-element-08980be elementor-position-left elementor-vertical-align-top elementor-widget elementor-widget-image-box\" data-id=\"08980be\" data-element_type=\"widget\" data-widget_type=\"image-box.default\">\n\t\t\t\t<div class=\"elementor-widget-container\">\n\t\t\t\t\t<div class=\"elementor-image-box-wrapper\"><figure class=\"elementor-image-box-img\"><img decoding=\"async\" width=\"2468\" height=\"1288\" src=\"https:\/\/www.hno-oberbilk.de\/wp-content\/uploads\/2025\/01\/Auto.png\" class=\"attachment-full size-full wp-image-840\" alt=\"\" srcset=\"https:\/\/www.hno-oberbilk.de\/wp-content\/uploads\/2025\/01\/Auto.png 2468w, https:\/\/www.hno-oberbilk.de\/wp-content\/uploads\/2025\/01\/Auto-300x157.png 300w, https:\/\/www.hno-oberbilk.de\/wp-content\/uploads\/2025\/01\/Auto-1024x534.png 1024w, https:\/\/www.hno-oberbilk.de\/wp-content\/uploads\/2025\/01\/Auto-768x401.png 768w, https:\/\/www.hno-oberbilk.de\/wp-content\/uploads\/2025\/01\/Auto-1536x802.png 1536w, https:\/\/www.hno-oberbilk.de\/wp-content\/uploads\/2025\/01\/Auto-2048x1069.png 2048w\" sizes=\"(max-width: 2468px) 100vw, 2468px\" \/><\/figure><div class=\"elementor-image-box-content\"><h3 class=\"elementor-image-box-title\">\u041f\u0440\u0438\u0431\u044b\u0442\u0438\u0435 \u043d\u0430 \u043c\u0430\u0448\u0438\u043d\u0435<\/h3><p class=\"elementor-image-box-description\">\u0412 \u043f\u0440\u0438\u043b\u0435\u0433\u0430\u044e\u0449\u0435\u043c \u0436\u0438\u043b\u043e\u043c \u0440\u0430\u0439\u043e\u043d\u0435 \u0435\u0441\u0442\u044c \u043e\u0431\u0449\u0435\u0441\u0442\u0432\u0435\u043d\u043d\u044b\u0435 \u043f\u0430\u0440\u043a\u043e\u0432\u043e\u0447\u043d\u044b\u0435 \u043c\u0435\u0441\u0442\u0430.<\/p><\/div><\/div>\t\t\t\t<\/div>\n\t\t\t\t<\/div>\n\t\t\t\t<\/div>\n\t\t\t\t<\/div>\n\t\t<div class=\"elementor-element elementor-element-1dffadd e-con-full e-flex e-con e-child\" data-id=\"1dffadd\" data-element_type=\"container\">\n\t\t<div class=\"elementor-element elementor-element-eb5eb8c e-con-full e-flex e-con e-child\" data-id=\"eb5eb8c\" data-element_type=\"container\">\n\t\t\t\t<div class=\"elementor-element elementor-element-932c078 elementor-widget elementor-widget-heading\" data-id=\"932c078\" data-element_type=\"widget\" data-widget_type=\"heading.default\">\n\t\t\t\t<div class=\"elementor-widget-container\">\n\t\t\t\t\t<h5 class=\"elementor-heading-title elementor-size-default\">\u0412 \u0446\u0435\u043d\u0442\u0440\u0435 \u0414\u044e\u0441\u0441\u0435\u043b\u044c\u0434\u043e\u0440\u0444\u0430 \u041e\u0431\u0435\u0440\u0431\u0438\u043b\u043a <\/h5>\t\t\t\t<\/div>\n\t\t\t\t<\/div>\n\t\t\t\t<div class=\"elementor-element elementor-element-fd8b500 elementor-position-left elementor-vertical-align-top elementor-widget elementor-widget-image-box\" data-id=\"fd8b500\" data-element_type=\"widget\" data-widget_type=\"image-box.default\">\n\t\t\t\t<div class=\"elementor-widget-container\">\n\t\t\t\t\t<div class=\"elementor-image-box-wrapper\"><figure class=\"elementor-image-box-img\"><img loading=\"lazy\" decoding=\"async\" width=\"700\" height=\"1000\" src=\"https:\/\/www.hno-oberbilk.de\/wp-content\/uploads\/2025\/01\/Pictogramm.png\" class=\"attachment-full size-full wp-image-821\" alt=\"\" srcset=\"https:\/\/www.hno-oberbilk.de\/wp-content\/uploads\/2025\/01\/Pictogramm.png 700w, https:\/\/www.hno-oberbilk.de\/wp-content\/uploads\/2025\/01\/Pictogramm-210x300.png 210w\" sizes=\"(max-width: 700px) 100vw, 700px\" \/><\/figure><div class=\"elementor-image-box-content\"><h3 class=\"elementor-image-box-title\">\u041f\u043e\u0434\u0435\u0437\u0434<\/h3><p class=\"elementor-image-box-description\">\u041d\u0430\u0448\u0430 \u043f\u0440\u0430\u043a\u0442\u0438\u043a\u0430 \u0440\u0430\u0441\u043f\u043e\u043b\u043e\u0436\u0435\u043d\u0430 \u0432 \u0446\u0435\u043d\u0442\u0440\u0435 \u041e\u0431\u0435\u0440\u0431\u0438\u043b\u044c\u043a\u0435\u0440 \u041c\u0430\u0440\u043a\u0442 \u0432 \u0414\u044e\u0441\u0441\u0435\u043b\u044c\u0434\u043e\u0440\u0444\u0435, \u043e\u0436\u0438\u0432\u043b\u0435\u043d\u043d\u043e\u043c \u0438 \u043b\u0435\u0433\u043a\u043e\u0434\u043e\u0441\u0442\u0443\u043f\u043d\u043e\u043c \u0440\u0430\u0439\u043e\u043d\u0435. <br>\u0412 \u043d\u0435\u043f\u043e\u0441\u0440\u0435\u0434\u0441\u0442\u0432\u0435\u043d\u043d\u043e\u0439 \u0431\u043b\u0438\u0437\u043e\u0441\u0442\u0438 \u043d\u0430\u0445\u043e\u0434\u044f\u0442\u0441\u044f \u043e\u0441\u0442\u0430\u043d\u043e\u0432\u043a\u0438 \u043c\u0435\u0442\u0440\u043e, \u0442\u0440\u0430\u043c\u0432\u0430\u044f \u0438 \u0430\u0432\u0442\u043e\u0431\u0443\u0441\u0430. \n<br><br>\n\u041e\u0431\u0449\u0435\u0441\u0442\u0432\u0435\u043d\u043d\u044b\u0435 \u043f\u0430\u0440\u043a\u043e\u0432\u043e\u0447\u043d\u044b\u0435 \u043c\u0435\u0441\u0442\u0430 \u043d\u0430\u0445\u043e\u0434\u044f\u0442\u0441\u044f \u0432 \u043f\u0440\u0438\u043b\u0435\u0433\u0430\u044e\u0449\u0435\u043c \u0436\u0438\u043b\u043e\u043c \u0440\u0430\u0439\u043e\u043d\u0435. \n<br><br>\u041d\u0430\u043f\u0440\u043e\u0442\u0438\u0432\n\u0437\u0434\u0430\u043d\u0438\u044f \u043d\u0430\u0445\u043e\u0434\u0438\u0442\u0441\u044f \u0441\u0442\u043e\u044f\u043d\u043a\u0430 \u0442\u0430\u043a\u0441\u0438. \u041f\u0440\u0430\u043a\u0442\u0438\u043a\u0430 \u0442\u0430\u043a\u0436\u0435 \u043b\u0435\u0433\u043a\u043e \u0434\u043e\u0441\u0442\u0443\u043f\u043d\u0430 \u0434\u043b\u044f \u043b\u044e\u0434\u0435\u0439 \u0441 \u043e\u0433\u0440\u0430\u043d\u0438\u0447\u0435\u043d\u043d\u043e\u0439 \u043f\u043e\u0434\u0432\u0438\u0436\u043d\u043e\u0441\u0442\u044c\u044e, \u043f\u043e\u0441\u043a\u043e\u043b\u044c\u043a\u0443 \u0437\u0434\u0435\u0441\u044c \u0435\u0441\u0442\u044c \u043b\u0438\u0444\u0442, \u0430 \u0432 \u043f\u043e\u043c\u0435\u0449\u0435\u043d\u0438\u0438 \u043d\u0435\u0442 \u0441\u0442\u0443\u043f\u0435\u043d\u0435\u043a. \u042f\u0437\u044b\u043a\u0438: \u043d\u0435\u043c\u0435\u0446\u043a\u0438\u0439, \u0440\u0443\u0441\u0441\u043a\u0438\u0439, \u0430\u043d\u0433\u043b\u0438\u0439\u0441\u043a\u0438\u0439.<\/p><\/div><\/div>\t\t\t\t<\/div>\n\t\t\t\t<\/div>\n\t\t\t\t<\/div>\n\t\t\t\t<\/div>\n\t\t\t\t\t<\/div>\n\t\t\t\t<\/div>\n\t\t<div class=\"elementor-element elementor-element-64f0ccb e-con-full e-flex e-con e-parent\" data-id=\"64f0ccb\" data-element_type=\"container\">\n\t\t<div class=\"elementor-element elementor-element-96fecfa e-con-full e-flex e-con e-child\" data-id=\"96fecfa\" data-element_type=\"container\" data-settings=\"{&quot;background_background&quot;:&quot;classic&quot;}\">\n\t\t\t\t<div class=\"elementor-element elementor-element-64cd5e1 elementor-widget elementor-widget-google_maps\" data-id=\"64cd5e1\" data-element_type=\"widget\" data-widget_type=\"google_maps.default\">\n\t\t\t\t<div class=\"elementor-widget-container\">\n\t\t\t\t\t\t\t<div class=\"elementor-custom-embed\">\n\t\t\t<iframe loading=\"lazy\"\n\t\t\t\t\tsrc=\"https:\/\/maps.google.com\/maps?q=K%C3%B6lner%20Stra%C3%9Fe%20231%2C%2040227%20D%C3%BCsseldorf%C2%A0&#038;t=m&#038;z=15&#038;output=embed&#038;iwloc=near\"\n\t\t\t\t\ttitle=\"K\u00f6lner Stra\u00dfe 231, 40227 D\u00fcsseldorf\u00a0\"\n\t\t\t\t\taria-label=\"K\u00f6lner Stra\u00dfe 231, 40227 D\u00fcsseldorf\u00a0\"\n\t\t\t><\/iframe>\n\t\t<\/div>\n\t\t\t\t\t\t<\/div>\n\t\t\t\t<\/div>\n\t\t\t\t<\/div>\n\t\t\t\t<\/div>\n\t\t\t\t<\/div>\n\t\t","protected":false},"excerpt":{"rendered":"<p>\u041c\u0435\u0441\u0442\u043e\u043f\u043e\u043b\u043e\u0436\u0435\u043d\u0438\u0435 \/ \u0434\u043e\u0441\u0442\u0443\u043f\u043d\u043e\u0441\u0442\u044c \u0414\u043b\u044f \u0432\u0430\u0441 \u0432 \u0414\u044e\u0441\u0441\u0435\u043b\u044c\u0434\u043e\u0440\u0444\u0435 \u041f\u0440\u0438\u0431\u044b\u0442\u0438\u0435 \u043d\u0430 \u043e\u0431\u0449\u0435\u0441\u0442\u0432\u0435\u043d\u043d\u043e\u043c \u0442\u0440\u0430\u043d\u0441\u043f\u043e\u0440\u0442\u0435 \u041e\u0441\u0442\u0430\u043d\u043e\u0432\u043a\u0430: Oberbilker Markt \u041c\u0435\u0442\u0440\u043e: U76, U79 \u0422\u0440\u0430\u043c\u0432\u0430\u0439: 706 \u0410\u0432\u0442\u043e\u0431\u0443\u0441: 732, 736 \u041f\u0440\u0438\u0431\u044b\u0442\u0438\u0435 \u043d\u0430 \u043c\u0430\u0448\u0438\u043d\u0435 \u0412 \u043f\u0440\u0438\u043b\u0435\u0433\u0430\u044e\u0449\u0435\u043c \u0436\u0438\u043b\u043e\u043c \u0440\u0430\u0439\u043e\u043d\u0435 \u0435\u0441\u0442\u044c \u043e\u0431\u0449\u0435\u0441\u0442\u0432\u0435\u043d\u043d\u044b\u0435 \u043f\u0430\u0440\u043a\u043e\u0432\u043e\u0447\u043d\u044b\u0435 \u043c\u0435\u0441\u0442\u0430. \u0412 \u0446\u0435\u043d\u0442\u0440\u0435 \u0414\u044e\u0441\u0441\u0435\u043b\u044c\u0434\u043e\u0440\u0444\u0430 \u041e\u0431\u0435\u0440\u0431\u0438\u043b\u043a \u041f\u043e\u0434\u0435\u0437\u0434 \u041d\u0430\u0448\u0430 \u043f\u0440\u0430\u043a\u0442\u0438\u043a\u0430 \u0440\u0430\u0441\u043f\u043e\u043b\u043e\u0436\u0435\u043d\u0430 \u0432 \u0446\u0435\u043d\u0442\u0440\u0435 \u041e\u0431\u0435\u0440\u0431\u0438\u043b\u044c\u043a\u0435\u0440 \u041c\u0430\u0440\u043a\u0442 \u0432 \u0414\u044e\u0441\u0441\u0435\u043b\u044c\u0434\u043e\u0440\u0444\u0435, \u043e\u0436\u0438\u0432\u043b\u0435\u043d\u043d\u043e\u043c \u0438 \u043b\u0435\u0433\u043a\u043e\u0434\u043e\u0441\u0442\u0443\u043f\u043d\u043e\u043c \u0440\u0430\u0439\u043e\u043d\u0435. \u0412 \u043d\u0435\u043f\u043e\u0441\u0440\u0435\u0434\u0441\u0442\u0432\u0435\u043d\u043d\u043e\u0439 \u0431\u043b\u0438\u0437\u043e\u0441\u0442\u0438 \u043d\u0430\u0445\u043e\u0434\u044f\u0442\u0441\u044f [&hellip;]<\/p>\n","protected":false},"author":1,"featured_media":0,"parent":0,"menu_order":0,"comment_status":"closed","ping_status":"closed","template":"","meta":{"footnotes":""},"class_list":["post-1118","page","type-page","status-publish","hentry"],"_links":{"self":[{"href":"https:\/\/www.hno-oberbilk.de\/ru\/wp-json\/wp\/v2\/pages\/1118","targetHints":{"allow":["GET"]}}],"collection":[{"href":"https:\/\/www.hno-oberbilk.de\/ru\/wp-json\/wp\/v2\/pages"}],"about":[{"href":"https:\/\/www.hno-oberbilk.de\/ru\/wp-json\/wp\/v2\/types\/page"}],"author":[{"embeddable":true,"href":"https:\/\/www.hno-oberbilk.de\/ru\/wp-json\/wp\/v2\/users\/1"}],"replies":[{"embeddable":true,"href":"https:\/\/www.hno-oberbilk.de\/ru\/wp-json\/wp\/v2\/comments?post=1118"}],"version-history":[{"count":23,"href":"https:\/\/www.hno-oberbilk.de\/ru\/wp-json\/wp\/v2\/pages\/1118\/revisions"}],"predecessor-version":[{"id":1525,"href":"https:\/\/www.hno-oberbilk.de\/ru\/wp-json\/wp\/v2\/pages\/1118\/revisions\/1525"}],"wp:attachment":[{"href":"https:\/\/www.hno-oberbilk.de\/ru\/wp-json\/wp\/v2\/media?parent=1118"}],"curies":[{"name":"wp","href":"https:\/\/api.w.org\/{rel}","templated":true}]}}