{"id":1274,"date":"2025-01-21T13:33:54","date_gmt":"2025-01-21T12:33:54","guid":{"rendered":"http:\/\/www.hno-oberbilk.de\/?page_id=1274"},"modified":"2025-01-22T19:15:36","modified_gmt":"2025-01-22T18:15:36","slug":"%d1%81%d0%b2%d1%8f%d0%b6%d0%b8%d1%82%d0%b5%d1%81%d1%8c","status":"publish","type":"page","link":"http:\/\/www.hno-oberbilk.de\/ru\/%d1%81%d0%b2%d1%8f%d0%b6%d0%b8%d1%82%d0%b5%d1%81%d1%8c\/","title":{"rendered":"\u0414\u0430\u043d\u043d\u044b\u0435"},"content":{"rendered":"\t\t<div data-elementor-type=\"wp-page\" data-elementor-id=\"1274\" class=\"elementor elementor-1274 elementor-1273\" data-elementor-post-type=\"page\">\n\t\t\t\t<div class=\"elementor-element elementor-element-21484e4 e-flex e-con-boxed e-con e-parent\" data-id=\"21484e4\" data-element_type=\"container\" data-settings=\"{&quot;background_background&quot;:&quot;classic&quot;}\">\n\t\t\t\t\t<div class=\"e-con-inner\">\n\t\t<div class=\"elementor-element elementor-element-a8b9f64 e-con-full e-flex e-con e-child\" data-id=\"a8b9f64\" data-element_type=\"container\">\n\t\t<div class=\"elementor-element elementor-element-b54fc7d e-flex e-con-boxed e-con e-child\" data-id=\"b54fc7d\" data-element_type=\"container\">\n\t\t\t\t\t<div class=\"e-con-inner\">\n\t\t\t\t<div class=\"elementor-element elementor-element-8efcbb5 elementor-widget elementor-widget-heading\" data-id=\"8efcbb5\" data-element_type=\"widget\" data-widget_type=\"heading.default\">\n\t\t\t\t<div class=\"elementor-widget-container\">\n\t\t\t\t\t<h1 class=\"elementor-heading-title elementor-size-default\">\u0414\u0430\u043d\u043d\u044b\u0435<\/h1>\t\t\t\t<\/div>\n\t\t\t\t<\/div>\n\t\t\t\t<div class=\"elementor-element elementor-element-7da16af elementor-widget-divider--view-line elementor-widget elementor-widget-divider\" data-id=\"7da16af\" data-element_type=\"widget\" data-widget_type=\"divider.default\">\n\t\t\t\t<div class=\"elementor-widget-container\">\n\t\t\t\t\t\t\t<div class=\"elementor-divider\">\n\t\t\t<span class=\"elementor-divider-separator\">\n\t\t\t\t\t\t<\/span>\n\t\t<\/div>\n\t\t\t\t\t\t<\/div>\n\t\t\t\t<\/div>\n\t\t\t\t\t<\/div>\n\t\t\t\t<\/div>\n\t\t\t\t<\/div>\n\t\t\t\t\t<\/div>\n\t\t\t\t<\/div>\n\t\t<div class=\"elementor-element elementor-element-1137594 e-flex e-con-boxed e-con e-parent\" data-id=\"1137594\" data-element_type=\"container\" data-settings=\"{&quot;background_background&quot;:&quot;classic&quot;}\">\n\t\t\t\t\t<div class=\"e-con-inner\">\n\t\t\t\t<div class=\"elementor-element elementor-element-a4e9bc9 elementor-widget elementor-widget-text-editor\" data-id=\"a4e9bc9\" data-element_type=\"widget\" data-widget_type=\"text-editor.default\">\n\t\t\t\t<div class=\"elementor-widget-container\">\n\t\t\t\t\t\t\t\t\t<h3><strong>Impressum<\/strong><\/h3><p>Dr. med. Luise Bu\u0308hler<br \/>HNO-Praxis Du\u0308sseldorf Oberbilk<br \/>K\u00f6lner Str. 231<br \/>40227 Du\u0308sseldorf<\/p><p><strong>Kontakt:<\/strong><br \/>Telefon: 0211 783356<br \/>E-Mail: info@hno-oberbilk.de<\/p><p><strong>Aufsichtsbeh\u00f6rde:<\/strong><br \/>\u00c4rztekammer Nordrhein<br \/>Tersteegenstra\u00dfe 9<br \/>40474 Du\u0308sseldorf<\/p><p>https:\/\/www.aekno.de\/<\/p><p>Berufsbezeichnung und berufsrechtliche Regelungen<\/p><p><strong>Berufsbezeichnung:<\/strong><\/p><p>\u00c4rztin<br \/>Zust\u00e4ndige Kammer:<br \/>\u00c4rztekammer Nordrhein<br \/>Tersteegenstra\u00dfe 9<br \/>40474 Du\u0308sseldorf<\/p><p>Verliehen in:<br \/>Deutschland<\/p><p>Verbraucherstreitbeilegung\/Universalschlichtungsstelle<\/p><p>Wir sind nicht bereit oder verpflichtet, an Streitbeilegungsverfahren vor einer<\/p><p>Verbraucherschlichtungsstelle teilzunehmen.<\/p><p>Quelle: e-recht24.de<\/p>\t\t\t\t\t\t\t\t<\/div>\n\t\t\t\t<\/div>\n\t\t\t\t\t<\/div>\n\t\t\t\t<\/div>\n\t\t<div class=\"elementor-element elementor-element-decb87e e-flex e-con-boxed e-con e-parent\" data-id=\"decb87e\" data-element_type=\"container\" data-settings=\"{&quot;background_background&quot;:&quot;classic&quot;}\">\n\t\t\t\t\t<div class=\"e-con-inner\">\n\t\t<div class=\"elementor-element elementor-element-8fe487c e-con-full e-flex e-con e-child\" data-id=\"8fe487c\" data-element_type=\"container\">\n\t\t\t\t<\/div>\n\t\t\t\t\t<\/div>\n\t\t\t\t<\/div>\n\t\t\t\t<\/div>\n\t\t","protected":false},"excerpt":{"rendered":"<p>\u0414\u0430\u043d\u043d\u044b\u0435 Impressum Dr. med. Luise Bu\u0308hlerHNO-Praxis Du\u0308sseldorf OberbilkK\u00f6lner Str. 23140227 Du\u0308sseldorf Kontakt:Telefon: 0211 783356E-Mail: info@hno-oberbilk.de Aufsichtsbeh\u00f6rde:\u00c4rztekammer NordrheinTersteegenstra\u00dfe 940474 Du\u0308sseldorf https:\/\/www.aekno.de\/ Berufsbezeichnung und berufsrechtliche Regelungen Berufsbezeichnung: \u00c4rztinZust\u00e4ndige Kammer:\u00c4rztekammer NordrheinTersteegenstra\u00dfe 940474 Du\u0308sseldorf Verliehen in:Deutschland Verbraucherstreitbeilegung\/Universalschlichtungsstelle Wir sind nicht bereit oder verpflichtet, an Streitbeilegungsverfahren vor einer Verbraucherschlichtungsstelle teilzunehmen. Quelle: e-recht24.de<\/p>\n","protected":false},"author":2,"featured_media":0,"parent":0,"menu_order":0,"comment_status":"closed","ping_status":"closed","template":"","meta":{"footnotes":""},"class_list":["post-1274","page","type-page","status-publish","hentry"],"_links":{"self":[{"href":"http:\/\/www.hno-oberbilk.de\/ru\/wp-json\/wp\/v2\/pages\/1274","targetHints":{"allow":["GET"]}}],"collection":[{"href":"http:\/\/www.hno-oberbilk.de\/ru\/wp-json\/wp\/v2\/pages"}],"about":[{"href":"http:\/\/www.hno-oberbilk.de\/ru\/wp-json\/wp\/v2\/types\/page"}],"author":[{"embeddable":true,"href":"http:\/\/www.hno-oberbilk.de\/ru\/wp-json\/wp\/v2\/users\/2"}],"replies":[{"embeddable":true,"href":"http:\/\/www.hno-oberbilk.de\/ru\/wp-json\/wp\/v2\/comments?post=1274"}],"version-history":[{"count":10,"href":"http:\/\/www.hno-oberbilk.de\/ru\/wp-json\/wp\/v2\/pages\/1274\/revisions"}],"predecessor-version":[{"id":1638,"href":"http:\/\/www.hno-oberbilk.de\/ru\/wp-json\/wp\/v2\/pages\/1274\/revisions\/1638"}],"wp:attachment":[{"href":"http:\/\/www.hno-oberbilk.de\/ru\/wp-json\/wp\/v2\/media?parent=1274"}],"curies":[{"name":"wp","href":"https:\/\/api.w.org\/{rel}","templated":true}]}}